{"id":10816,"date":"2022-05-18T14:59:37","date_gmt":"2022-05-18T14:59:37","guid":{"rendered":"https:\/\/eunoiayogaretreat.com\/conditions-generales-dutilisation\/"},"modified":"2025-07-30T19:43:22","modified_gmt":"2025-07-30T19:43:22","slug":"conditions-generales-dutilisation","status":"publish","type":"page","link":"https:\/\/eunoiayogaretreat.com\/fr\/conditions-generales-dutilisation\/","title":{"rendered":"Conditions G\u00e9n\u00e9rales d\u2019Utilisation"},"content":{"rendered":"\t\t<div data-elementor-type=\"wp-page\" data-elementor-id=\"10816\" class=\"elementor elementor-10816 elementor-5448\" data-elementor-post-type=\"page\">\n\t\t\t\t<div class=\"elementor-element elementor-element-22050fa e-flex e-con-boxed e-con e-parent\" data-id=\"22050fa\" data-element_type=\"container\" data-e-type=\"container\">\n\t\t\t\t\t<div class=\"e-con-inner\">\n\t\t\t\t<div class=\"elementor-element elementor-element-abf4160 elementor-widget elementor-widget-heading\" data-id=\"abf4160\" data-element_type=\"widget\" data-e-type=\"widget\" data-widget_type=\"heading.default\">\n\t\t\t\t<div class=\"elementor-widget-container\">\n\t\t\t\t\t<h4 class=\"elementor-heading-title elementor-size-default\">Conditions G\u00e9n\u00e9rales \u2013 Eunoia Yoga Retreat\n\nEn utilisant le site www.eunoiayogaretreat.com ou en r\u00e9servant un s\u00e9jour, vous acceptez les conditions suivantes :<\/h4>\t\t\t\t<\/div>\n\t\t\t\t<\/div>\n\t\t\t\t\t<\/div>\n\t\t\t\t<\/div>\n\t\t<div class=\"elementor-element elementor-element-c5e9fb1 e-flex e-con-boxed e-con e-parent\" data-id=\"c5e9fb1\" data-element_type=\"container\" data-e-type=\"container\">\n\t\t\t\t\t<div class=\"e-con-inner\">\n\t\t\t\t<div class=\"elementor-element elementor-element-185b2bd1 elementor-widget elementor-widget-text-editor\" data-id=\"185b2bd1\" data-element_type=\"widget\" data-e-type=\"widget\" data-widget_type=\"text-editor.default\">\n\t\t\t\t<div class=\"elementor-widget-container\">\n\t\t\t\t\t\t\t\t\t<h5 data-start=\"2374\" data-end=\"2398\">1. R\u00e9servation &amp; Paiement<\/h5>\n<ul data-start=\"2399\" data-end=\"2566\">\n<li data-start=\"2399\" data-end=\"2457\">\n<p data-start=\"2401\" data-end=\"2457\">Un paiement complet ou partiel est requis pour valider votre inscription.<\/p>\n<\/li>\n<li data-start=\"2458\" data-end=\"2504\">\n<p data-start=\"2460\" data-end=\"2504\">Les paiements sont s\u00e9curis\u00e9s via nos partenaires.<\/p>\n<\/li>\n<li data-start=\"2505\" data-end=\"2566\">\n<p data-start=\"2507\" data-end=\"2566\">Vous devez avoir 18 ans ou \u00eatre accompagn\u00e9 d\u2019un adulte responsable.<\/p>\n<\/li>\n<\/ul>\n<h5 data-start=\"2568\" data-end=\"2593\">2. Sant\u00e9 &amp; Responsabilit\u00e9<\/h5>\n<ul data-start=\"2594\" data-end=\"2763\">\n<li data-start=\"2594\" data-end=\"2679\">\n<p data-start=\"2596\" data-end=\"2679\">Vous \u00eates seul(e) responsable de votre \u00e9tat physique et mental avant toute participation.<\/p>\n<\/li>\n<li data-start=\"2680\" data-end=\"2763\">\n<p data-start=\"2682\" data-end=\"2763\">Eunoia Yoga Retreat d\u00e9cline toute responsabilit\u00e9 en cas d\u2019accident, blessure ou probl\u00e8me de sant\u00e9.<\/p>\n<\/li>\n<\/ul>\n<h5 data-start=\"2765\" data-end=\"2785\">3. Modifications<\/h5>\n<ul data-start=\"2786\" data-end=\"2954\">\n<li data-start=\"2786\" data-end=\"2954\">\n<p data-start=\"2788\" data-end=\"2954\">Nous nous r\u00e9servons le droit d\u2019annuler ou de modifier un s\u00e9jour en cas de force majeure, maladie ou nombre insuffisant de participants. Un remboursement ou avoir vous sera propos\u00e9. <\/p>\n<\/li>\n<\/ul>\n<h5 data-start=\"2956\" data-end=\"2984\">4. Propri\u00e9t\u00e9 intellectuelle<\/h5>\n<p data-start=\"2985\" data-end=\"3110\">Tous les contenus (textes, photos, logo) sont la propri\u00e9t\u00e9 de Eunoia Yoga Retreat. Toute reproduction est interdite sans autorisation \u00e9crite.<\/p>\n<h5 data-start=\"3112\" data-end=\"3131\">5. Droit applicable<\/h5>\n<p data-start=\"3132\" data-end=\"3239\">Les pr\u00e9sentes conditions sont r\u00e9gies par le droit fran\u00e7ais. En cas de litige, les tribunaux comp\u00e9tents seront ceux de Ch\u00e2teauroux.<\/p>\t\t\t\t\t\t\t\t<\/div>\n\t\t\t\t<\/div>\n\t\t\t\t\t<\/div>\n\t\t\t\t<\/div>\n\t\t\t\t<\/div>\n\t\t","protected":false},"excerpt":{"rendered":"<p>Conditions G\u00e9n\u00e9rales \u2013 Eunoia Yoga Retreat En utilisant le site www.eunoiayogaretreat.com ou en r\u00e9servant un s\u00e9jour, vous acceptez les conditions suivantes : 1. R\u00e9servation &amp; Paiement Un paiement complet ou partiel est requis pour valider votre inscription. Les paiements sont s\u00e9curis\u00e9s via nos partenaires. Vous devez avoir 18 ans ou \u00eatre accompagn\u00e9 d\u2019un adulte responsable. [&hellip;]<\/p>\n","protected":false},"author":1,"featured_media":0,"parent":0,"menu_order":0,"comment_status":"closed","ping_status":"closed","template":"","meta":{"footnotes":""},"class_list":["post-10816","page","type-page","status-publish","hentry"],"_links":{"self":[{"href":"https:\/\/eunoiayogaretreat.com\/fr\/wp-json\/wp\/v2\/pages\/10816","targetHints":{"allow":["GET"]}}],"collection":[{"href":"https:\/\/eunoiayogaretreat.com\/fr\/wp-json\/wp\/v2\/pages"}],"about":[{"href":"https:\/\/eunoiayogaretreat.com\/fr\/wp-json\/wp\/v2\/types\/page"}],"author":[{"embeddable":true,"href":"https:\/\/eunoiayogaretreat.com\/fr\/wp-json\/wp\/v2\/users\/1"}],"replies":[{"embeddable":true,"href":"https:\/\/eunoiayogaretreat.com\/fr\/wp-json\/wp\/v2\/comments?post=10816"}],"version-history":[{"count":3,"href":"https:\/\/eunoiayogaretreat.com\/fr\/wp-json\/wp\/v2\/pages\/10816\/revisions"}],"predecessor-version":[{"id":10857,"href":"https:\/\/eunoiayogaretreat.com\/fr\/wp-json\/wp\/v2\/pages\/10816\/revisions\/10857"}],"wp:attachment":[{"href":"https:\/\/eunoiayogaretreat.com\/fr\/wp-json\/wp\/v2\/media?parent=10816"}],"curies":[{"name":"wp","href":"https:\/\/api.w.org\/{rel}","templated":true}]}}