{"id":10820,"date":"2022-07-14T14:57:16","date_gmt":"2022-07-14T14:57:16","guid":{"rendered":"https:\/\/eunoiayogaretreat.com\/politique-dannulation-de-remboursement\/"},"modified":"2025-07-29T11:12:58","modified_gmt":"2025-07-29T11:12:58","slug":"politique-dannulation-de-remboursement","status":"publish","type":"page","link":"https:\/\/eunoiayogaretreat.com\/fr\/politique-dannulation-de-remboursement\/","title":{"rendered":"Politique d\u2019Annulation &amp; de Remboursement"},"content":{"rendered":"\t\t<div data-elementor-type=\"wp-page\" data-elementor-id=\"10820\" class=\"elementor elementor-10820 elementor-2350\" data-elementor-post-type=\"page\">\n\t\t\t\t<div class=\"elementor-element elementor-element-7c7b52e e-flex e-con-boxed e-con e-parent\" data-id=\"7c7b52e\" data-element_type=\"container\" data-e-type=\"container\">\n\t\t\t\t\t<div class=\"e-con-inner\">\n\t\t\t\t<div class=\"elementor-element elementor-element-345348e elementor-widget elementor-widget-heading\" data-id=\"345348e\" data-element_type=\"widget\" data-e-type=\"widget\" data-widget_type=\"heading.default\">\n\t\t\t\t<div class=\"elementor-widget-container\">\n\t\t\t\t\t<h4 class=\"elementor-heading-title elementor-size-default\">Politique d\u2019annulation \u2013 Eunoia Yoga Retreat\n\nNous comprenons que des impr\u00e9vus peuvent survenir. Voici notre politique d\u2019annulation \u00e9quitable et transparente. <\/h4>\t\t\t\t<\/div>\n\t\t\t\t<\/div>\n\t\t\t\t\t<\/div>\n\t\t\t\t<\/div>\n\t\t<div class=\"elementor-element elementor-element-37aacb92 e-flex e-con-boxed e-con e-parent\" data-id=\"37aacb92\" data-element_type=\"container\" data-e-type=\"container\">\n\t\t\t\t\t<div class=\"e-con-inner\">\n\t\t\t\t<div class=\"elementor-element elementor-element-37a96dc9 elementor-widget elementor-widget-text-editor\" data-id=\"37a96dc9\" data-element_type=\"widget\" data-e-type=\"widget\" data-widget_type=\"text-editor.default\">\n\t\t\t\t<div class=\"elementor-widget-container\">\n\t\t\t\t\t\t\t\t\t\n<h5 data-start=\"3443\" data-end=\"3470\">1. Annulation par le participant<\/h5>\n<ul data-start=\"3471\" data-end=\"3647\">\n<li data-start=\"3471\" data-end=\"3546\">\n<p data-start=\"3473\" data-end=\"3546\"><strong data-start=\"3473\" data-end=\"3514\">Plus de 60 jours avant le d\u00e9but du s\u00e9jour :<\/strong> remboursement complet moins 50\u20ac de frais de gestion.<\/p>\n<\/li>\n<li data-start=\"3547\" data-end=\"3585\">\n<p data-start=\"3549\" data-end=\"3585\"><strong data-start=\"3549\" data-end=\"3574\">Entre 30 et 59 jours avant :<\/strong> remboursement de 50%<\/p>\n<\/li>\n<li data-start=\"3586\" data-end=\"3647\">\n<p data-start=\"3588\" data-end=\"3647\"><strong data-start=\"3588\" data-end=\"3610\">Moins de 30 jours avant :<\/strong> aucun remboursement, sauf si votre place est r\u00e9attribu\u00e9e.<\/p>\n<\/li>\n<\/ul>\n<p data-start=\"3649\" data-end=\"3709\">*Nous vous conseillons de souscrire une assurance voyage.<\/p>\n<h5 data-start=\"3711\" data-end=\"3737\">2. Annulation par Eunoia<\/h5>\n<ul data-start=\"3738\" data-end=\"3841\">\n<li data-start=\"3738\" data-end=\"3841\">\n<p data-start=\"3740\" data-end=\"3784\">Si nous devons annuler un s\u00e9jour, vous pourrez choisir entre :<\/p>\n<ul data-start=\"3787\" data-end=\"3841\">\n<li data-start=\"3787\" data-end=\"3804\">\n<p data-start=\"3789\" data-end=\"3804\">Un remboursement int\u00e9gral<\/p>\n<\/li>\n<li data-start=\"3807\" data-end=\"3841\">\n<p data-start=\"3809\" data-end=\"3841\">Ou un avoir pour un futur s\u00e9jour<\/p>\n<\/li>\n<\/ul>\n<\/li>\n<\/ul>\n<p data-start=\"3843\" data-end=\"3907\">Nous ne sommes pas responsables des frais de transport ou d\u2019h\u00e9bergement externes.<\/p>\n\t\t\t\t\t\t\t\t<\/div>\n\t\t\t\t<\/div>\n\t\t\t\t\t<\/div>\n\t\t\t\t<\/div>\n\t\t\t\t<\/div>\n\t\t","protected":false},"excerpt":{"rendered":"<p>Politique d\u2019annulation \u2013 Eunoia Yoga Retreat Nous comprenons que des impr\u00e9vus peuvent survenir. Voici notre politique d\u2019annulation \u00e9quitable et transparente. 1. Annulation par le participant Plus de 60 jours avant le d\u00e9but du s\u00e9jour : remboursement complet moins 50\u20ac de frais de gestion. Entre 30 et 59 jours avant : remboursement de 50% Moins de [&hellip;]<\/p>\n","protected":false},"author":1,"featured_media":0,"parent":0,"menu_order":0,"comment_status":"closed","ping_status":"closed","template":"","meta":{"footnotes":""},"class_list":["post-10820","page","type-page","status-publish","hentry"],"_links":{"self":[{"href":"https:\/\/eunoiayogaretreat.com\/fr\/wp-json\/wp\/v2\/pages\/10820","targetHints":{"allow":["GET"]}}],"collection":[{"href":"https:\/\/eunoiayogaretreat.com\/fr\/wp-json\/wp\/v2\/pages"}],"about":[{"href":"https:\/\/eunoiayogaretreat.com\/fr\/wp-json\/wp\/v2\/types\/page"}],"author":[{"embeddable":true,"href":"https:\/\/eunoiayogaretreat.com\/fr\/wp-json\/wp\/v2\/users\/1"}],"replies":[{"embeddable":true,"href":"https:\/\/eunoiayogaretreat.com\/fr\/wp-json\/wp\/v2\/comments?post=10820"}],"version-history":[{"count":3,"href":"https:\/\/eunoiayogaretreat.com\/fr\/wp-json\/wp\/v2\/pages\/10820\/revisions"}],"predecessor-version":[{"id":10825,"href":"https:\/\/eunoiayogaretreat.com\/fr\/wp-json\/wp\/v2\/pages\/10820\/revisions\/10825"}],"wp:attachment":[{"href":"https:\/\/eunoiayogaretreat.com\/fr\/wp-json\/wp\/v2\/media?parent=10820"}],"curies":[{"name":"wp","href":"https:\/\/api.w.org\/{rel}","templated":true}]}}