{"id":10826,"date":"2024-04-06T04:58:38","date_gmt":"2024-04-06T04:58:38","guid":{"rendered":"https:\/\/eunoiayogaretreat.com\/politique-de-confidentialite\/"},"modified":"2025-07-29T19:45:12","modified_gmt":"2025-07-29T19:45:12","slug":"politique-de-confidentialite","status":"publish","type":"page","link":"https:\/\/eunoiayogaretreat.com\/fr\/politique-de-confidentialite\/","title":{"rendered":"Politique de Confidentialit\u00e9"},"content":{"rendered":"\t\t<div data-elementor-type=\"wp-page\" data-elementor-id=\"10826\" class=\"elementor elementor-10826 elementor-3\" data-elementor-post-type=\"page\">\n\t\t\t\t<div class=\"elementor-element elementor-element-642355f1 e-flex e-con-boxed e-con e-parent\" data-id=\"642355f1\" data-element_type=\"container\" data-e-type=\"container\">\n\t\t\t\t\t<div class=\"e-con-inner\">\n\t\t\t\t<div class=\"elementor-element elementor-element-4264efff elementor-widget elementor-widget-text-editor\" data-id=\"4264efff\" data-element_type=\"widget\" data-e-type=\"widget\" data-widget_type=\"text-editor.default\">\n\t\t\t\t<div class=\"elementor-widget-container\">\n\t\t\t\t\t\t\t\t\t<h5 data-start=\"566\" data-end=\"594\"><strong data-start=\"571\" data-end=\"592\">1. Politique de Confidentialit\u00e9<\/strong><\/h5>\n<p data-start=\"595\" data-end=\"629\"><em data-start=\"595\" data-end=\"629\">(Conforme au RGPD \u2013 visiteurs europ\u00e9ens)<\/em><\/p>\n<p data-start=\"631\" data-end=\"671\"><strong data-start=\"631\" data-end=\"671\">Politique de confidentialit\u00e9 \u2013 Eunoia Yoga Retreat<\/strong><\/p>\n<p data-start=\"673\" data-end=\"702\">Date d\u2019entr\u00e9e en vigueur : 02\/08\/2024<\/p>\n<p data-start=\"704\" data-end=\"889\">Chez Eunoia Yoga Retreat, la protection de votre vie priv\u00e9e est une priorit\u00e9. Cette politique explique comment nous collectons, utilisons et prot\u00e9geons vos donn\u00e9es personnelles lorsque vous visitez notre site ou utilisez nos services. <\/p>\n<h5 data-start=\"891\" data-end=\"908\">1. Qui sommes-nous ?<\/h5>\n<p data-start=\"909\" data-end=\"1042\">Eunoia Yoga Retreat<br data-start=\"928\" data-end=\"931\">Bas\u00e9 \u00e0 Ardentes (Indre), France<br data-start=\"964\" data-end=\"967\">Contact: <a class=\"cursor-pointer\" rel=\"noopener\" data-start=\"976\" data-end=\"1005\">contact@eunoiayogaretreat.com<\/a><br data-start=\"1005\" data-end=\"1008\">Site Web: <a class=\"cursor-pointer\" target=\"_new\" rel=\"noopener\" data-start=\"1017\" data-end=\"1042\">www.eunoiayogaretreat.com<\/a><\/p>\n<h5 data-start=\"1044\" data-end=\"1066\">2. Donn\u00e9es collect\u00e9es<\/h5>\n<p data-start=\"1067\" data-end=\"1110\">Nous pouvons collecter les donn\u00e9es suivantes :<\/p>\n<ul data-start=\"1111\" data-end=\"1358\">\n<li data-start=\"1111\" data-end=\"1146\">\n<p data-start=\"1113\" data-end=\"1146\">Nom, pr\u00e9nom, adresse e-mail, t\u00e9l\u00e9phone<\/p>\n<\/li>\n<li data-start=\"1147\" data-end=\"1180\">\n<p data-start=\"1149\" data-end=\"1180\">Informations de paiement et de r\u00e9servation<\/p>\n<\/li>\n<li data-start=\"1181\" data-end=\"1251\">\n<p data-start=\"1183\" data-end=\"1251\">Informations de sant\u00e9 ou alimentation si n\u00e9cessaires \u00e0 votre s\u00e9jour<\/p>\n<\/li>\n<li data-start=\"1252\" data-end=\"1288\">\n<p data-start=\"1254\" data-end=\"1288\">Adresse IP, donn\u00e9es de navigation<\/p>\n<\/li>\n<li data-start=\"1289\" data-end=\"1358\">\n<p data-start=\"1291\" data-end=\"1358\">Identifiants r\u00e9seaux sociaux si vous interagissez avec nous<\/p>\n<\/li>\n<\/ul>\n<h5 data-start=\"1360\" data-end=\"1384\">3. Utilisation des donn\u00e9es<\/h5>\n<p data-start=\"1385\" data-end=\"1405\">Vos donn\u00e9es sont utilis\u00e9es pour :<\/p>\n<ul data-start=\"1406\" data-end=\"1548\">\n<li data-start=\"1406\" data-end=\"1432\">\n<p data-start=\"1408\" data-end=\"1432\">G\u00e9rer vos r\u00e9servations<\/p>\n<\/li>\n<li data-start=\"1433\" data-end=\"1481\">\n<p data-start=\"1435\" data-end=\"1481\">Vous envoyer des emails ou newsletters (avec votre consentement)<\/p>\n<\/li>\n<li data-start=\"1482\" data-end=\"1516\">\n<p data-start=\"1484\" data-end=\"1516\">Am\u00e9liorer nos services<\/p>\n<\/li>\n<li data-start=\"1517\" data-end=\"1548\">\n<p data-start=\"1519\" data-end=\"1548\">R\u00e9pondre \u00e0 nos obligations l\u00e9gales<\/p>\n<\/li>\n<\/ul>\n<h5 data-start=\"1550\" data-end=\"1568\">4. Fondements l\u00e9gaux<\/h5>\n<p data-start=\"1569\" data-end=\"1596\">Nous traitons vos donn\u00e9es sur la base :<\/p>\n<ul data-start=\"1597\" data-end=\"1715\">\n<li data-start=\"1597\" data-end=\"1633\">\n<p data-start=\"1599\" data-end=\"1633\">Du consentement (opt-in formulaires, newsletter)<\/p>\n<\/li>\n<li data-start=\"1634\" data-end=\"1668\">\n<p data-start=\"1636\" data-end=\"1668\">De l\u2019ex\u00e9cution d\u2019un contrat (r\u00e9servation)<\/p>\n<\/li>\n<li data-start=\"1669\" data-end=\"1715\">\n<p data-start=\"1671\" data-end=\"1715\">De l\u2019int\u00e9r\u00eat l\u00e9gitime (analyse, s\u00e9curit\u00e9)<\/p>\n<\/li>\n<\/ul>\n<h5 data-start=\"1717\" data-end=\"1736\">5. Partage des donn\u00e9es<\/h5>\n<p data-start=\"1737\" data-end=\"1784\">Vos donn\u00e9es ne sont jamais vendues. Elles peuvent \u00eatre partag\u00e9es avec : <\/p>\n<ul data-start=\"1785\" data-end=\"1890\">\n<li data-start=\"1785\" data-end=\"1827\">\n<p data-start=\"1787\" data-end=\"1827\">Prestataires de paiement (ex. : Stripe, PayPal)<\/p>\n<\/li>\n<li data-start=\"1828\" data-end=\"1847\">\n<p data-start=\"1830\" data-end=\"1847\">Plateformes de r\u00e9servation<\/p>\n<\/li>\n<li data-start=\"1848\" data-end=\"1890\">\n<p data-start=\"1850\" data-end=\"1890\">Outils d\u2019e-mailing (ex. : MailerLite)<\/p>\n<\/li>\n<\/ul>\n<h5 data-start=\"1892\" data-end=\"1910\">6. Vos droits<\/h5>\n<p data-start=\"1911\" data-end=\"1933\">Conform\u00e9ment au RGPD, vous avez le droit :<\/p>\n<ul data-start=\"1934\" data-end=\"2040\">\n<li data-start=\"1934\" data-end=\"1964\">\n<p data-start=\"1936\" data-end=\"1964\">D'acc\u00e9der \u00e0 vos donn\u00e9es et demander leur modification ou suppression<\/p>\n<\/li>\n<li data-start=\"1965\" data-end=\"1983\">\n<p data-start=\"1967\" data-end=\"1983\">De retirer votre consentement<\/p>\n<\/li>\n<li data-start=\"1984\" data-end=\"2002\">\n<p data-start=\"1986\" data-end=\"2002\">Demander leur suppression<\/p>\n<\/li>\n<li data-start=\"2003\" data-end=\"2040\">\n<p data-start=\"2005\" data-end=\"2040\">De d\u00e9poser une r\u00e9clamation aupr\u00e8s de la CNIL (www.cnil.fr)<\/p>\n<\/li>\n<\/ul>\n<h5 data-start=\"2042\" data-end=\"2063\">7. Dur\u00e9e de conservation<\/h5>\n<p data-start=\"2064\" data-end=\"2134\">Nous ne conservons vos donn\u00e9es que pour la dur\u00e9e n\u00e9cessaire aux finalit\u00e9s indiqu\u00e9es.<\/p>\n<h5 data-start=\"2136\" data-end=\"2150\">8. Politique de Cookies<\/h5>\n<p data-start=\"3956\" data-end=\"3996\"><strong data-start=\"3956\" data-end=\"3996\">Politique de Cookies \u2013 Eunoia Yoga Retreat<\/strong><\/p>\n<p data-start=\"3998\" data-end=\"4119\">Notre site utilise des cookies afin d\u2019am\u00e9liorer votre exp\u00e9rience. En continuant \u00e0 naviguer, vous acceptez l\u2019utilisation des cookies. <\/p>\n<h5 data-start=\"4121\" data-end=\"4145\">1. Qu\u2019est-ce qu\u2019un cookie ?<\/h5>\n<p data-start=\"4146\" data-end=\"4229\">Un cookie est un petit fichier texte stock\u00e9 sur votre navigateur. Il permet de :<\/p>\n<ul data-start=\"4230\" data-end=\"4296\">\n<li data-start=\"4230\" data-end=\"4243\">\n<p data-start=\"4232\" data-end=\"4243\">Retenir vos pr\u00e9f\u00e9rences<\/p>\n<\/li>\n<li data-start=\"4244\" data-end=\"4259\">\n<p data-start=\"4246\" data-end=\"4259\">Activit\u00e9 du site<\/p>\n<\/li>\n<li data-start=\"4260\" data-end=\"4296\">\n<p data-start=\"4262\" data-end=\"4296\">Analyser le trafic du site<\/p>\n<\/li>\n<\/ul>\n<h5 data-start=\"4298\" data-end=\"4321\">2. Gestion des cookies<\/h5>\n<p data-start=\"4322\" data-end=\"4416\">Vous pouvez d\u00e9sactiver les cookies via les param\u00e8tres de votre navigateur ou via notre bandeau de consentement.<\/p>\n<h5 data-start=\"4418\" data-end=\"4448\">3. Types de cookies utilis\u00e9s<\/h5>\n<ul data-start=\"4449\" data-end=\"4600\">\n<li data-start=\"4449\" data-end=\"4501\">\n<p data-start=\"4451\" data-end=\"4501\"><strong data-start=\"4451\" data-end=\"4464\">Essentiels :<\/strong> n\u00e9cessaires au bon fonctionnement du site (r\u00e9servation, navigation)<\/p>\n<\/li>\n<li data-start=\"4502\" data-end=\"4547\">\n<p data-start=\"4504\" data-end=\"4547\"><strong data-start=\"4504\" data-end=\"4517\">Statistiques : <\/strong>suivi anonyme (ex. : Google Analytics)<\/p>\n<\/li>\n<li data-start=\"4548\" data-end=\"4600\">\n<p data-start=\"4550\" data-end=\"4600\"><strong data-start=\"4550\" data-end=\"4563\">Marketing :<\/strong> personnalisation des publicit\u00e9s (avec consentement)<\/p>\n<\/li>\n<\/ul>\t\t\t\t\t\t\t\t<\/div>\n\t\t\t\t<\/div>\n\t\t\t\t\t<\/div>\n\t\t\t\t<\/div>\n\t\t\t\t<\/div>\n\t\t","protected":false},"excerpt":{"rendered":"<p>1. Politique de Confidentialit\u00e9 (Conforme au RGPD \u2013 visiteurs europ\u00e9ens) Politique de confidentialit\u00e9 \u2013 Eunoia Yoga Retreat Date d\u2019entr\u00e9e en vigueur : 02\/08\/2024 Chez Eunoia Yoga Retreat, la protection de votre vie priv\u00e9e est une priorit\u00e9. Cette politique explique comment nous collectons, utilisons et prot\u00e9geons vos donn\u00e9es personnelles lorsque vous visitez notre site ou utilisez [&hellip;]<\/p>\n","protected":false},"author":1,"featured_media":0,"parent":0,"menu_order":0,"comment_status":"closed","ping_status":"open","template":"","meta":{"footnotes":""},"class_list":["post-10826","page","type-page","status-publish","hentry"],"_links":{"self":[{"href":"https:\/\/eunoiayogaretreat.com\/fr\/wp-json\/wp\/v2\/pages\/10826","targetHints":{"allow":["GET"]}}],"collection":[{"href":"https:\/\/eunoiayogaretreat.com\/fr\/wp-json\/wp\/v2\/pages"}],"about":[{"href":"https:\/\/eunoiayogaretreat.com\/fr\/wp-json\/wp\/v2\/types\/page"}],"author":[{"embeddable":true,"href":"https:\/\/eunoiayogaretreat.com\/fr\/wp-json\/wp\/v2\/users\/1"}],"replies":[{"embeddable":true,"href":"https:\/\/eunoiayogaretreat.com\/fr\/wp-json\/wp\/v2\/comments?post=10826"}],"version-history":[{"count":3,"href":"https:\/\/eunoiayogaretreat.com\/fr\/wp-json\/wp\/v2\/pages\/10826\/revisions"}],"predecessor-version":[{"id":10831,"href":"https:\/\/eunoiayogaretreat.com\/fr\/wp-json\/wp\/v2\/pages\/10826\/revisions\/10831"}],"wp:attachment":[{"href":"https:\/\/eunoiayogaretreat.com\/fr\/wp-json\/wp\/v2\/media?parent=10826"}],"curies":[{"name":"wp","href":"https:\/\/api.w.org\/{rel}","templated":true}]}}