{"id":7906,"date":"2022-04-20T14:01:15","date_gmt":"2022-04-20T14:01:15","guid":{"rendered":"https:\/\/eunoiayogaretreat.com\/?page_id=7906"},"modified":"2025-09-15T10:56:04","modified_gmt":"2025-09-15T10:56:04","slug":"nous","status":"publish","type":"page","link":"https:\/\/eunoiayogaretreat.com\/fr\/nous\/","title":{"rendered":"Nous"},"content":{"rendered":"\t\t<div data-elementor-type=\"wp-page\" data-elementor-id=\"7906\" class=\"elementor elementor-7906 elementor-40\" data-elementor-post-type=\"page\">\n\t\t\t\t<div class=\"elementor-element elementor-element-31dcf51 e-con-full e-flex e-con e-parent\" data-id=\"31dcf51\" data-element_type=\"container\" data-e-type=\"container\">\n\t\t<div class=\"elementor-element elementor-element-9938cab e-con-full e-flex e-con e-child\" data-id=\"9938cab\" data-element_type=\"container\" data-e-type=\"container\">\n\t\t\t\t<div class=\"elementor-element elementor-element-4575f297 elementor-widget elementor-widget-ucaddon_split_hero\" data-id=\"4575f297\" data-element_type=\"widget\" data-e-type=\"widget\" data-widget_type=\"ucaddon_split_hero.default\">\n\t\t\t\t<div class=\"elementor-widget-container\">\n\t\t\t\t\t\n<!-- start Split Hero -->\n\t\t<link id='font-awesome-css' href='https:\/\/eunoiayogaretreat.com\/wp-content\/plugins\/unlimited-elements-for-elementor-premium\/assets_libraries\/font-awesome6\/fontawesome-all.min.css' type='text\/css' rel='stylesheet' >\n\t\t<link id='font-awesome-4-shim-css' href='https:\/\/eunoiayogaretreat.com\/wp-content\/plugins\/unlimited-elements-for-elementor-premium\/assets_libraries\/font-awesome6\/fontawesome-v4-shims.min.css' type='text\/css' rel='stylesheet' >\n\n<style>\/* widget: Split Hero *\/\n\n#uc_split_hero_elementor_4575f297 *{\n\tbox-sizing: border-box;\n}\n#uc_split_hero_elementor_4575f297\n{\n\tposition:relative;\n\toverflow:hidden;\n\tclear:both;\n    display:flex;\n}\n\n.uc_title\n{\n  font-size:32px;\n}\n\n#uc_split_hero_elementor_4575f297 .uc_btn\n{\n  display:inline-block;\n  text-decoration:none;\n  text-align:center;\n}\n\n#uc_split_hero_elementor_4575f297 .uc_container_left\n{\n  flex-grow: 1;\n}\n\n#uc_split_hero_elementor_4575f297 .uc_container_left\n{\n    display:flex;\n}\n\n#uc_split_hero_elementor_4575f297 .uc_container_left .uc_container_holder{\n\n  \n}\n#uc_split_hero_elementor_4575f297 a.uc_logo{\n\tdisplay:block;\n    text-decoration:none;\n}\n\n\n #uc_split_hero_elementor_4575f297 .uc_container_right {\n\tbackground-size:cover;\n    background-position:center;\n    background-blend-mode: normal;\n   flex-shrink: 0;\n}\n\n\n@media only screen and (max-width: 420px) {\n#uc_split_hero_elementor_4575f297 .uc_container_right\n{\n  width:100%;\n}\n    #uc_split_hero_elementor_4575f297 .uc_container_left\n{\n  width:100%;\n}\n\n}\n\n<\/style>\n\n<div class=\"uc_business_header ue-hero\" id=\"uc_split_hero_elementor_4575f297\">\n    <div class=\"uc_container_right\" style=\"background-image:url();\">\n    \t\n    <\/div>\n    \n    <div class=\"uc_container_left\">\n        <div class=\"uc_container_holder\">\t\n\n        \t                        <h2 class=\"uc_title\">Nous<\/h2>                        <div class=\"uc_paragraph uc_text\">Bienvenue \u00e0 Eunoia Yoga Retreat, un havre de paix n\u00e9 de la passion d'Alex et Christelle pour le bien-\u00eatre holistique, la gastronomie saine et la beaut\u00e9 de la nature. Notre parcours de vie nous a conduits \u00e0 cr\u00e9er cette retraite unique, o\u00f9 le yoga devient un v\u00e9ritable catalyseur de transformation personnelle.\n\nChez Eunoia, nous croyons fermement au pouvoir du yoga et du bien-\u00eatre global pour enrichir la vie. \nNous avons m\u00e9ticuleusement con\u00e7u un environnement propice \u00e0 l'\u00e9panouissement, permettant \u00e0 nos h\u00f4tes de renouer avec eux-m\u00eames et avec le monde qui les entoure. Notre approche holistique vise \u00e0 nourrir non seulement le corps, mais aussi l'esprit et l'\u00e2me.\nChez Eunoia Yoga Retreat, nous vous aidons \u00e0 red\u00e9couvrir l'\u00e9quilibre et l'harmonie, essentiels dans notre monde moderne souvent fr\u00e9n\u00e9tique. Venez vivre la diff\u00e9rence Eunoia, o\u00f9 la passion rencontre le sens et o\u00f9 le bien-\u00eatre devient un v\u00e9ritable art de vivre.\nRejoignez-nous pour une aventure enrichissante\n\n<\/div>                    <\/div>\n    <\/div>\n<\/div>\n<!-- end Split Hero -->\t\t\t\t<\/div>\n\t\t\t\t<\/div>\n\t\t\t\t<\/div>\n\t\t\t\t<\/div>\n\t\t<div class=\"elementor-element elementor-element-4f3dd1c e-flex e-con-boxed e-con e-parent\" data-id=\"4f3dd1c\" data-element_type=\"container\" data-e-type=\"container\">\n\t\t\t\t\t<div class=\"e-con-inner\">\n\t\t\t\t<div class=\"elementor-element elementor-element-737ba46 elementor-widget-divider--view-line_icon elementor-view-default elementor-widget-divider--element-align-center elementor-widget elementor-widget-divider\" data-id=\"737ba46\" data-element_type=\"widget\" data-e-type=\"widget\" data-widget_type=\"divider.default\">\n\t\t\t\t<div class=\"elementor-widget-container\">\n\t\t\t\t\t\t\t<div class=\"elementor-divider\">\n\t\t\t<span class=\"elementor-divider-separator\">\n\t\t\t\t\t\t\t<div class=\"elementor-icon elementor-divider__element\">\n\t\t\t\t\t<svg aria-hidden=\"true\" class=\"e-font-icon-svg e-fab-envira\" viewBox=\"0 0 448 512\" xmlns=\"http:\/\/www.w3.org\/2000\/svg\"><path d=\"M0 32c477.6 0 366.6 317.3 367.1 366.3L448 480h-26l-70.4-71.2c-39 4.2-124.4 34.5-214.4-37C47 300.3 52 214.7 0 32zm79.7 46c-49.7-23.5-5.2 9.2-5.2 9.2 45.2 31.2 66 73.7 90.2 119.9 31.5 60.2 79 139.7 144.2 167.7 65 28 34.2 12.5 6-8.5-28.2-21.2-68.2-87-91-130.2-31.7-60-61-118.6-144.2-158.1z\"><\/path><\/svg><\/div>\n\t\t\t\t\t\t<\/span>\n\t\t<\/div>\n\t\t\t\t\t\t<\/div>\n\t\t\t\t<\/div>\n\t\t\t\t\t<\/div>\n\t\t\t\t<\/div>\n\t\t<div class=\"elementor-element elementor-element-ec0eb81 e-flex e-con-boxed e-con e-parent\" data-id=\"ec0eb81\" data-element_type=\"container\" data-e-type=\"container\">\n\t\t\t\t\t<div class=\"e-con-inner\">\n\t\t<div class=\"elementor-element elementor-element-97f89f7 e-con-full e-flex e-con e-child\" data-id=\"97f89f7\" data-element_type=\"container\" data-e-type=\"container\">\n\t\t\t\t<div class=\"elementor-element elementor-element-4533d87 elementor-widget elementor-widget-heading\" data-id=\"4533d87\" data-element_type=\"widget\" data-e-type=\"widget\" data-widget_type=\"heading.default\">\n\t\t\t\t<div class=\"elementor-widget-container\">\n\t\t\t\t\t<h3 class=\"elementor-heading-title elementor-size-default\">Un petit message de notre part<\/h3>\t\t\t\t<\/div>\n\t\t\t\t<\/div>\n\t\t\t\t<\/div>\n\t\t<div class=\"elementor-element elementor-element-e13a0dd e-con-full e-flex e-con e-child\" data-id=\"e13a0dd\" data-element_type=\"container\" data-e-type=\"container\">\n\t\t\t\t<\/div>\n\t\t<div class=\"elementor-element elementor-element-58097fe e-con-full e-flex e-con e-child\" data-id=\"58097fe\" data-element_type=\"container\" data-e-type=\"container\">\n\t\t\t\t<div class=\"elementor-element elementor-element-7a83198 elementor-widget elementor-widget-text-editor\" data-id=\"7a83198\" data-element_type=\"widget\" data-e-type=\"widget\" data-widget_type=\"text-editor.default\">\n\t\t\t\t<div class=\"elementor-widget-container\">\n\t\t\t\t\t\t\t\t\t<p>Nous sommes impatients de vous rencontrer et de partage avec vous notre magnifique domaine<\/p><p>Venez vous ressourcer et vous d\u00e9tendre dans notre havre de paix. \u00c0 tr\u00e8s bient\u00f4t !<\/p><p>Alex &amp; Christelle<\/p>\t\t\t\t\t\t\t\t<\/div>\n\t\t\t\t<\/div>\n\t\t\t\t<\/div>\n\t\t\t\t\t<\/div>\n\t\t\t\t<\/div>\n\t\t<div class=\"elementor-element elementor-element-afdd301 e-con-full e-flex e-con e-parent\" data-id=\"afdd301\" data-element_type=\"container\" data-e-type=\"container\" data-settings=\"{&quot;background_background&quot;:&quot;slideshow&quot;,&quot;background_slideshow_gallery&quot;:[{&quot;id&quot;:5926,&quot;url&quot;:&quot;https:\\\/\\\/eunoiayogaretreat.com\\\/wp-content\\\/uploads\\\/2024\\\/04\\\/Eunoia-yoga-retreat-values.jpg&quot;}],&quot;background_slideshow_slide_duration&quot;:5000,&quot;background_slideshow_slide_transition&quot;:&quot;fade&quot;,&quot;background_slideshow_transition_duration&quot;:500}\">\n\t\t<div class=\"elementor-element elementor-element-9750860 e-con-full e-flex e-con e-child\" data-id=\"9750860\" data-element_type=\"container\" data-e-type=\"container\" data-settings=\"{&quot;background_background&quot;:&quot;classic&quot;}\">\n\t\t<div class=\"elementor-element elementor-element-0e19f05 e-con-full e-flex e-con e-child\" data-id=\"0e19f05\" data-element_type=\"container\" data-e-type=\"container\">\n\t\t\t\t<div class=\"elementor-element elementor-element-fc81396 elementor-widget elementor-widget-heading\" data-id=\"fc81396\" data-element_type=\"widget\" data-e-type=\"widget\" data-widget_type=\"heading.default\">\n\t\t\t\t<div class=\"elementor-widget-container\">\n\t\t\t\t\t<h2 class=\"elementor-heading-title elementor-size-default\">Nos Valeurs<\/h2>\t\t\t\t<\/div>\n\t\t\t\t<\/div>\n\t\t\t\t<\/div>\n\t\t\t\t<div class=\"elementor-element elementor-element-36af973 elementor-widget elementor-widget-heading\" data-id=\"36af973\" data-element_type=\"widget\" data-e-type=\"widget\" data-widget_type=\"heading.default\">\n\t\t\t\t<div class=\"elementor-widget-container\">\n\t\t\t\t\t<h3 class=\"elementor-heading-title elementor-size-default\">Respect<\/h3>\t\t\t\t<\/div>\n\t\t\t\t<\/div>\n\t\t\t\t<div class=\"elementor-element elementor-element-439f787 elementor-widget elementor-widget-text-editor\" data-id=\"439f787\" data-element_type=\"widget\" data-e-type=\"widget\" data-widget_type=\"text-editor.default\">\n\t\t\t\t<div class=\"elementor-widget-container\">\n\t\t\t\t\t\t\t\t\t<p>Harmonie avec soi, les autres et la nature. Chez Eunoia Yoga Retreat, nous cultivons le respect mutuel et environnemental pour une exp\u00e9rience de bien-\u00eatre holistique.<\/p>\t\t\t\t\t\t\t\t<\/div>\n\t\t\t\t<\/div>\n\t\t\t\t<div class=\"elementor-element elementor-element-8544df2 elementor-widget elementor-widget-heading\" data-id=\"8544df2\" data-element_type=\"widget\" data-e-type=\"widget\" data-widget_type=\"heading.default\">\n\t\t\t\t<div class=\"elementor-widget-container\">\n\t\t\t\t\t<h3 class=\"elementor-heading-title elementor-size-default\">Passion<\/h3>\t\t\t\t<\/div>\n\t\t\t\t<\/div>\n\t\t\t\t<div class=\"elementor-element elementor-element-de6b183 elementor-widget elementor-widget-text-editor\" data-id=\"de6b183\" data-element_type=\"widget\" data-e-type=\"widget\" data-widget_type=\"text-editor.default\">\n\t\t\t\t<div class=\"elementor-widget-container\">\n\t\t\t\t\t\t\t\t\t<p>Notre passion du yoga et du bien-\u00eatre se ressent dans chaque d\u00e9tail, cr\u00e9ant une exp\u00e9rience unique qui transforme et inspire nos clients.<\/p>\t\t\t\t\t\t\t\t<\/div>\n\t\t\t\t<\/div>\n\t\t\t\t<div class=\"elementor-element elementor-element-d3a632b elementor-widget elementor-widget-heading\" data-id=\"d3a632b\" data-element_type=\"widget\" data-e-type=\"widget\" data-widget_type=\"heading.default\">\n\t\t\t\t<div class=\"elementor-widget-container\">\n\t\t\t\t\t<h3 class=\"elementor-heading-title elementor-size-default\">Mission<\/h3>\t\t\t\t<\/div>\n\t\t\t\t<\/div>\n\t\t\t\t<div class=\"elementor-element elementor-element-85e0ee9 elementor-widget elementor-widget-text-editor\" data-id=\"85e0ee9\" data-element_type=\"widget\" data-e-type=\"widget\" data-widget_type=\"text-editor.default\">\n\t\t\t\t<div class=\"elementor-widget-container\">\n\t\t\t\t\t\t\t\t\t<p>Notre mission guide tout ce que nous faisons pour vous aider \u00a0\u00e0 vous sentir mieux, le respect notre plan\u00e8te et aider ceux qui sont moins fortun\u00e9s que nous.<\/p>\t\t\t\t\t\t\t\t<\/div>\n\t\t\t\t<\/div>\n\t\t\t\t<\/div>\n\t\t\t\t<\/div>\n\t\t<div class=\"elementor-element elementor-element-99e5a0f e-flex e-con-boxed e-con e-parent\" data-id=\"99e5a0f\" data-element_type=\"container\" data-e-type=\"container\">\n\t\t\t\t\t<div class=\"e-con-inner\">\n\t\t<div class=\"elementor-element elementor-element-39f5b9d e-con-full e-flex e-con e-child\" data-id=\"39f5b9d\" data-element_type=\"container\" data-e-type=\"container\">\n\t\t\t\t<div class=\"elementor-element elementor-element-04df927 elementor-widget elementor-widget-heading\" data-id=\"04df927\" data-element_type=\"widget\" data-e-type=\"widget\" data-widget_type=\"heading.default\">\n\t\t\t\t<div class=\"elementor-widget-container\">\n\t\t\t\t\t<h3 class=\"elementor-heading-title elementor-size-default\">Bienveillance<\/h3>\t\t\t\t<\/div>\n\t\t\t\t<\/div>\n\t\t\t\t<\/div>\n\t\t<div class=\"elementor-element elementor-element-67d3f51 e-con-full e-flex e-con e-child\" data-id=\"67d3f51\" data-element_type=\"container\" data-e-type=\"container\">\n\t\t\t\t<\/div>\n\t\t<div class=\"elementor-element elementor-element-b34fec9 e-con-full e-flex e-con e-child\" data-id=\"b34fec9\" data-element_type=\"container\" data-e-type=\"container\">\n\t\t\t\t<div class=\"elementor-element elementor-element-4c7bd6b elementor-widget elementor-widget-text-editor\" data-id=\"4c7bd6b\" data-element_type=\"widget\" data-e-type=\"widget\" data-widget_type=\"text-editor.default\">\n\t\t\t\t<div class=\"elementor-widget-container\">\n\t\t\t\t\t\t\t\t\t<p>Chez Eunoia Yoga Retreat, nous accordons une importance primordiale \u00e0 votre bien-\u00eatre durant votre s\u00e9jour. Notre engagement va au-del\u00e0 de nos murs : nous avons \u00e0 c\u0153ur de soutenir les enfants d\u00e9favoris\u00e9s confront\u00e9s \u00e0 la maladie. C'est pourquoi nous consacrons une partie significative de nos revenus \u00e0 aider ces enfants et leurs familles \u00e0 traverser des p\u00e9riodes \u00e9prouvantes.<\/p><p>En choisissant de s\u00e9journer chez nous, vous participez activement \u00e0 cette noble cause. Votre pr\u00e9sence contribue non seulement \u00e0 votre propre \u00e9panouissement, mais aussi au soutien de ceux qui en ont le plus besoin. Nous croyons fermement que le bien-\u00eatre personnel et la responsabilit\u00e9 sociale sont intimement li\u00e9s.<\/p><p class=\"\">Nous vous remercions sinc\u00e8rement de faire partie int\u00e9grante de notre mission. Ensemble, nous cr\u00e9ons un cercle vertueux de bienveillance, alliant le soin de nos clients \u00e0 l'aide apport\u00e9e aux plus vuln\u00e9rables. Votre s\u00e9jour chez Eunoia Yoga Retreat devient ainsi une exp\u00e9rience enrichissante \u00e0 multiples facettes, alliant d\u00e9tente, d\u00e9veloppement personnel et impact social positif.<\/p>\t\t\t\t\t\t\t\t<\/div>\n\t\t\t\t<\/div>\n\t\t\t\t<\/div>\n\t\t\t\t\t<\/div>\n\t\t\t\t<\/div>\n\t\t<div class=\"elementor-element elementor-element-2cc01dfd e-con-full e-flex e-con e-parent\" data-id=\"2cc01dfd\" data-element_type=\"container\" data-e-type=\"container\" data-settings=\"{&quot;background_background&quot;:&quot;classic&quot;}\">\n\t\t<div class=\"elementor-element elementor-element-4f5e390f e-con-full e-flex e-con e-child\" data-id=\"4f5e390f\" data-element_type=\"container\" data-e-type=\"container\">\n\t\t\t\t<div class=\"elementor-element elementor-element-4249a29f elementor-widget elementor-widget-heading\" data-id=\"4249a29f\" data-element_type=\"widget\" data-e-type=\"widget\" data-widget_type=\"heading.default\">\n\t\t\t\t<div class=\"elementor-widget-container\">\n\t\t\t\t\t<h2 class=\"elementor-heading-title elementor-size-default\">Rejoignez notre newsletter aujourd\u2019hui\n<\/h2>\t\t\t\t<\/div>\n\t\t\t\t<\/div>\n\t\t\t\t<div class=\"elementor-element elementor-element-58ac70b2 elementor-icon-list--layout-traditional elementor-list-item-link-full_width elementor-widget elementor-widget-icon-list\" data-id=\"58ac70b2\" data-element_type=\"widget\" data-e-type=\"widget\" data-widget_type=\"icon-list.default\">\n\t\t\t\t<div class=\"elementor-widget-container\">\n\t\t\t\t\t\t\t<ul class=\"elementor-icon-list-items\">\n\t\t\t\t\t\t\t<li class=\"elementor-icon-list-item\">\n\t\t\t\t\t\t\t\t\t\t\t<span class=\"elementor-icon-list-icon\">\n\t\t\t\t\t\t\t<svg aria-hidden=\"true\" class=\"e-font-icon-svg e-fas-check\" viewBox=\"0 0 512 512\" xmlns=\"http:\/\/www.w3.org\/2000\/svg\"><path d=\"M173.898 439.404l-166.4-166.4c-9.997-9.997-9.997-26.206 0-36.204l36.203-36.204c9.997-9.998 26.207-9.998 36.204 0L192 312.69 432.095 72.596c9.997-9.997 26.207-9.997 36.204 0l36.203 36.204c9.997 9.997 9.997 26.206 0 36.204l-294.4 294.401c-9.998 9.997-26.207 9.997-36.204-.001z\"><\/path><\/svg>\t\t\t\t\t\t<\/span>\n\t\t\t\t\t\t\t\t\t\t<span class=\"elementor-icon-list-text\">C'est gratuit<\/span>\n\t\t\t\t\t\t\t\t\t<\/li>\n\t\t\t\t\t\t\t\t<li class=\"elementor-icon-list-item\">\n\t\t\t\t\t\t\t\t\t\t\t<span class=\"elementor-icon-list-icon\">\n\t\t\t\t\t\t\t<svg aria-hidden=\"true\" class=\"e-font-icon-svg e-fas-check\" viewBox=\"0 0 512 512\" xmlns=\"http:\/\/www.w3.org\/2000\/svg\"><path d=\"M173.898 439.404l-166.4-166.4c-9.997-9.997-9.997-26.206 0-36.204l36.203-36.204c9.997-9.998 26.207-9.998 36.204 0L192 312.69 432.095 72.596c9.997-9.997 26.207-9.997 36.204 0l36.203 36.204c9.997 9.997 9.997 26.206 0 36.204l-294.4 294.401c-9.998 9.997-26.207 9.997-36.204-.001z\"><\/path><\/svg>\t\t\t\t\t\t<\/span>\n\t\t\t\t\t\t\t\t\t\t<span class=\"elementor-icon-list-text\">10% de r\u00e9duction sur votre premier s\u00e9jour<\/span>\n\t\t\t\t\t\t\t\t\t<\/li>\n\t\t\t\t\t\t\t\t<li class=\"elementor-icon-list-item\">\n\t\t\t\t\t\t\t\t\t\t\t<span class=\"elementor-icon-list-icon\">\n\t\t\t\t\t\t\t<svg aria-hidden=\"true\" class=\"e-font-icon-svg e-fas-check\" viewBox=\"0 0 512 512\" xmlns=\"http:\/\/www.w3.org\/2000\/svg\"><path d=\"M173.898 439.404l-166.4-166.4c-9.997-9.997-9.997-26.206 0-36.204l36.203-36.204c9.997-9.998 26.207-9.998 36.204 0L192 312.69 432.095 72.596c9.997-9.997 26.207-9.997 36.204 0l36.203 36.204c9.997 9.997 9.997 26.206 0 36.204l-294.4 294.401c-9.998 9.997-26.207 9.997-36.204-.001z\"><\/path><\/svg>\t\t\t\t\t\t<\/span>\n\t\t\t\t\t\t\t\t\t\t<span class=\"elementor-icon-list-text\">Offres sp\u00e9ciales uniques<\/span>\n\t\t\t\t\t\t\t\t\t<\/li>\n\t\t\t\t\t\t\t\t<li class=\"elementor-icon-list-item\">\n\t\t\t\t\t\t\t\t\t\t\t<span class=\"elementor-icon-list-icon\">\n\t\t\t\t\t\t\t<svg aria-hidden=\"true\" class=\"e-font-icon-svg e-fas-check\" viewBox=\"0 0 512 512\" xmlns=\"http:\/\/www.w3.org\/2000\/svg\"><path d=\"M173.898 439.404l-166.4-166.4c-9.997-9.997-9.997-26.206 0-36.204l36.203-36.204c9.997-9.998 26.207-9.998 36.204 0L192 312.69 432.095 72.596c9.997-9.997 26.207-9.997 36.204 0l36.203 36.204c9.997 9.997 9.997 26.206 0 36.204l-294.4 294.401c-9.998 9.997-26.207 9.997-36.204-.001z\"><\/path><\/svg>\t\t\t\t\t\t<\/span>\n\t\t\t\t\t\t\t\t\t\t<span class=\"elementor-icon-list-text\">Informations bien-\u00eatre et nutrition<\/span>\n\t\t\t\t\t\t\t\t\t<\/li>\n\t\t\t\t\t\t<\/ul>\n\t\t\t\t\t\t<\/div>\n\t\t\t\t<\/div>\n\t\t\t\t<\/div>\n\t\t\t\t<div class=\"elementor-element elementor-element-6f00420 fluentform-widget-submit-button-custom elementor-widget elementor-widget-fluent-form-widget\" data-id=\"6f00420\" data-element_type=\"widget\" data-e-type=\"widget\" data-widget_type=\"fluent-form-widget.default\">\n\t\t\t\t<div class=\"elementor-widget-container\">\n\t\t\t\t\t\n            <div class=\"fluentform-widget-wrapper fluentform-widget-align-center\">\n\n            \n            <div class='fluentform ff-default fluentform_wrapper_11 ffs_default_wrap'><form data-form_id=\"11\" id=\"fluentform_11\" class=\"frm-fluent-form fluent_form_11 ff-el-form-top ff_form_instance_11_1 ff-form-loading ffs_default\" data-form_instance=\"ff_form_instance_11_1\" method=\"POST\" ><fieldset  style=\"border: none!important;margin: 0!important;padding: 0!important;background-color: transparent!important;box-shadow: none!important;outline: none!important; min-inline-size: 100%;\">\n                    <legend class=\"ff_screen_reader_title\" style=\"display: block; margin: 0!important;padding: 0!important;height: 0!important;text-indent: -999999px;width: 0!important;overflow:hidden;\">Newsletter Form FR<\/legend><input type='hidden' name='__fluent_form_embded_post_id' value='7906' \/><input type=\"hidden\" id=\"_fluentform_11_fluentformnonce\" name=\"_fluentform_11_fluentformnonce\" value=\"33dfa38abc\" \/><input type=\"hidden\" name=\"_wp_http_referer\" value=\"\/fr\/wp-json\/wp\/v2\/pages\/7906\" \/><div data-name=\"ff_cn_id_1\"  class='ff-t-container ff-column-container ff_columns_total_2 '><div class='ff-t-cell ff-t-column-1' style='flex-basis: 50%;'><div data-type=\"name-element\" data-name=\"names_1\" class=\" ff-field_container ff-name-field-wrapper\" ><div class='ff-t-container'><div class='ff-t-cell '><div class='ff-el-group ff-el-form-top'><div class=\"ff-el-input--label ff-el-is-required asterisk-right\"><label for='ff_11_names_1_first_name_' id='label_ff_11_names_1_first_name_' >Pr\u00e9nom<\/label><\/div><div class='ff-el-input--content'><input type=\"text\" name=\"names_1[first_name]\" id=\"ff_11_names_1_first_name_\" class=\"ff-el-form-control\" placeholder=\"Entrez votre pr\u00e9nom\" aria-invalid=\"false\" aria-required=true><\/div><\/div><\/div><\/div><\/div><\/div><div class='ff-t-cell ff-t-column-2' style='flex-basis: 50%;'><div class='ff-el-group'><div class=\"ff-el-input--label ff-el-is-required asterisk-right\"><label for='ff_11_email_1' id='label_ff_11_email_1' aria-label=\"Email\">Email<\/label><\/div><div class='ff-el-input--content'><input type=\"email\" name=\"email_1\" id=\"ff_11_email_1\" class=\"ff-el-form-control\" placeholder=\"Adresse Mail\" data-name=\"email_1\"  aria-invalid=\"false\" aria-required=true><\/div><\/div><\/div><\/div><div class='ff-el-group ff-text-right ff_submit_btn_wrapper'><button type=\"submit\" class=\"ff-btn ff-btn-submit ff-btn-md ff_btn_style\"  aria-label=\"Subscribe\">Subscribe<\/button><\/div><\/fieldset><\/form><div id='fluentform_11_errors' class='ff-errors-in-stack ff_form_instance_11_1 ff-form-loading_errors ff_form_instance_11_1_errors'><\/div><\/div>            <script type=\"text\/javascript\">\n                window.fluent_form_ff_form_instance_11_1 = {\"id\":\"11\",\"settings\":{\"layout\":{\"labelPlacement\":\"top\",\"asteriskPlacement\":\"asterisk-right\",\"helpMessagePlacement\":\"with_label\",\"errorMessagePlacement\":\"inline\",\"cssClassName\":\"\"},\"restrictions\":{\"denyEmptySubmission\":{\"enabled\":false}}},\"form_instance\":\"ff_form_instance_11_1\",\"form_id_selector\":\"fluentform_11\",\"rules\":{\"names_1[first_name]\":{\"required\":{\"value\":true,\"message\":\"Ce champ est requis\",\"global_message\":\"This field is required\",\"global\":true}},\"names_1[middle_name]\":{\"required\":{\"value\":false,\"message\":\"Ce champ est requis\",\"global_message\":\"This field is required\",\"global\":true}},\"names_1[last_name]\":{\"required\":{\"value\":false,\"message\":\"Ce champ est requis\",\"global_message\":\"This field is required\",\"global\":true}},\"email_1\":{\"required\":{\"value\":true,\"message\":\"Ce champ est requis\",\"global_message\":\"This field is required\",\"global\":true},\"email\":{\"value\":true,\"message\":\"Ce champ doit contenir un e-mail valide\",\"global_message\":\"This field must contain a valid email\",\"global\":true}}},\"debounce_time\":300};\n                            <\/script>\n                        <\/div>\n\n            \t\t\t\t<\/div>\n\t\t\t\t<\/div>\n\t\t\t\t<\/div>\n\t\t\t\t<\/div>\n\t\t","protected":false},"excerpt":{"rendered":"<p>Nous Bienvenue \u00e0 Eunoia Yoga Retreat, un havre de paix n\u00e9 de la passion d'Alex et Christelle pour le bien-\u00eatre holistique, la gastronomie saine et la beaut\u00e9 de la nature. Notre parcours de vie nous a conduits \u00e0 cr\u00e9er cette retraite unique, o\u00f9 le yoga devient un v\u00e9ritable catalyseur de transformation personnelle. Chez Eunoia, nous [&hellip;]<\/p>\n","protected":false},"author":1,"featured_media":0,"parent":0,"menu_order":0,"comment_status":"closed","ping_status":"closed","template":"","meta":{"footnotes":""},"class_list":["post-7906","page","type-page","status-publish","hentry"],"_links":{"self":[{"href":"https:\/\/eunoiayogaretreat.com\/fr\/wp-json\/wp\/v2\/pages\/7906","targetHints":{"allow":["GET"]}}],"collection":[{"href":"https:\/\/eunoiayogaretreat.com\/fr\/wp-json\/wp\/v2\/pages"}],"about":[{"href":"https:\/\/eunoiayogaretreat.com\/fr\/wp-json\/wp\/v2\/types\/page"}],"author":[{"embeddable":true,"href":"https:\/\/eunoiayogaretreat.com\/fr\/wp-json\/wp\/v2\/users\/1"}],"replies":[{"embeddable":true,"href":"https:\/\/eunoiayogaretreat.com\/fr\/wp-json\/wp\/v2\/comments?post=7906"}],"version-history":[{"count":20,"href":"https:\/\/eunoiayogaretreat.com\/fr\/wp-json\/wp\/v2\/pages\/7906\/revisions"}],"predecessor-version":[{"id":11216,"href":"https:\/\/eunoiayogaretreat.com\/fr\/wp-json\/wp\/v2\/pages\/7906\/revisions\/11216"}],"wp:attachment":[{"href":"https:\/\/eunoiayogaretreat.com\/fr\/wp-json\/wp\/v2\/media?parent=7906"}],"curies":[{"name":"wp","href":"https:\/\/api.w.org\/{rel}","templated":true}]}}